{"id":86,"date":"2023-01-28T19:17:29","date_gmt":"2023-01-28T19:17:29","guid":{"rendered":"https:\/\/xn--gestt-forstwald-2vb.de\/?page_id=86"},"modified":"2023-03-30T18:06:41","modified_gmt":"2023-03-30T18:06:41","slug":"impressum-2","status":"publish","type":"page","link":"https:\/\/xn--gestt-forstwald-2vb.de\/?page_id=86","title":{"rendered":"Impressum"},"content":{"rendered":"\n<p><strong>Sina Madlung und Robin Schulz GbR<\/strong><br><strong>vertretungsberechtigte Gesellschafter:&nbsp;<\/strong>Sina Madlung, Robin Schulz<br>Westring 347<br>44579 Castrop-Rauxel<\/p>\n\n\n\n<p><strong>Telefon:<\/strong>&nbsp;+49 (0)176 800 77 155, +49 (0)171 265 09 62<br><strong>E-Mail<\/strong>: info@gest\u00fct-forstwald.de<\/p>\n\n\n\n<p><strong>Umsatzsteuer-Identifikationsnummer gem. \u00a7 27 a Umsatzsteuergesetz<\/strong>: DE357095177<\/p>\n\n\n\n<p><strong>Redaktionell Verantwortliche<\/strong>: Sina Madlung und Robin Schulz, Westring 347, 44579 Castrop-Rauxel<\/p>\n\n\n\n<p>Link auf die Plattform der EU-Kommission zur Online-Streitbeilegung:&nbsp;<a href=\"https:\/\/ec.europa.eu\/consumers\/odr\" target=\"_blank\" rel=\"noreferrer noopener\">https:\/\/ec.europa.eu\/consumers\/odr<\/a><\/p>\n\n\n\n<h2 class=\"wp-block-heading\">Haftungsausschluss<\/h2>\n\n\n\n<h3 class=\"wp-block-heading\">1. Inhalt der Seiten<\/h3>\n\n\n\n<p>Die Sina Madlung und Robin Schulz GbR&nbsp;\u00fcbernimmt keinerlei Gew\u00e4hr f\u00fcr die Aktualit\u00e4t, Korrektheit, Vollst\u00e4ndigkeit oder Qualit\u00e4t der bereitgestellten Inhalte. Haftungsanspr\u00fcche gegen die Sina Madlung und Robin Schulz GbR, welche sich auf Sch\u00e4den materieller oder ideeller Art beziehen, die durch die Nutzung oder Nichtnutzung der dargebotenen Informationen bzw. durch die Nutzung fehlerhafter und unvollst\u00e4ndiger Informationen verursacht wurden, sind grunds\u00e4tzlich ausgeschlossen, sofern seitens der Sina Madlung und Robin Schulz GbR&nbsp;kein nachweislich vors\u00e4tzliches oder grob fahrl\u00e4ssiges Verschulden vorliegt.<\/p>\n\n\n\n<h3 class=\"wp-block-heading\">2. Verweise und Links<\/h3>\n\n\n\n<p>Die Verantwortlichkeit des Diensteanbieters beschr\u00e4nkt sich gem\u00e4\u00df \u00a7 7 Abs. 1 TMG ausschlie\u00dflich auf die vom Diensteanbieter bereitgehaltenen eigenen Inhalte. Dar\u00fcber hinaus enth\u00e4lt die Website auch entsprechend gekennzeichnete Verweise oder Links auf Websites Dritter. Auf die aktuelle und zuk\u00fcnftige Gestaltung, die Inhalte oder die Urheberschaft der verlinkten\/verkn\u00fcpften Seiten hat die Sina Madlung und Robin Schulz GbR&nbsp;keinerlei Einfluss. F\u00fcr den Inhalt der Seite ist allein der jeweilige Anbieter der Seite verantwortlich, weshalb die Sina Madlung und Robin Schulz GbR&nbsp;erkl\u00e4rt hiermit ausdr\u00fccklich, dass zum Zeitpunkt der Linksetzung keine illegalen Inhalte auf den zu verlinkenden Seiten erkennbar waren. Eine permanente inhaltliche Kontrolle der verlinkten Seiten ohne konkrete Anhaltspunkte einer Rechtsverletzung ist jedoch nicht zumutbar. Bei Bekanntwerden von Rechtsverletzungen werden derartige Links umgehend entfernt.<\/p>\n\n\n\n<h3 class=\"wp-block-heading\">3. Urheber- und Kennzeichenrecht<\/h3>\n\n\n\n<p>Die Sina Madlung und Robin Schulz GbR&nbsp;ist bestrebt, in allen Publikationen die Urheberrechte der verwendeten Bilder, Grafiken, Tondokumente, Videosequenzen und Texte zu beachten, von ihm selbst erstellte Bilder, Grafiken, Tondokumente, Videosequenzen und Texte zu nutzen oder auf lizenzfreie Grafiken, Tondokumente, Videosequenzen und Texte zur\u00fcckzugreifen.<\/p>\n\n\n\n<p>Alle innerhalb des Internetangebotes genannten und ggf. durch Dritte gesch\u00fctzten Marken- und Warenzeichen unterliegen uneingeschr\u00e4nkt den Bestimmungen des jeweils g\u00fcltigen Kennzeichenrechts und den Besitzrechten der jeweiligen eingetragenen Eigent\u00fcmer. Allein aufgrund der blo\u00dfen Nennung ist nicht der Schluss zu ziehen, dass Markenzeichen nicht durch Rechte Dritter gesch\u00fctzt sind!<\/p>\n\n\n\n<p>Das Copyright f\u00fcr ver\u00f6ffentlichte, vom der Sina Madlung und Robin Schulz GbR&nbsp;selbst erstellte Objekte bleibt allein beim Autor der Seiten. Eine Vervielf\u00e4ltigung, Bearbeitung, Verbreitung und jede Art der Verwertung au\u00dferhalb der Grenzen des Urheberrechts solcher Grafiken, Tondokumente, Videosequenzen und Texte in anderen elektronischen oder gedruckten Publikationen bed\u00fcrfen der schriftlichen Zustimmung des Autors. Downloads und Kopien sind nur f\u00fcr den privaten, nicht aber den kommerziellen Gebrauch gestattet.<\/p>\n\n\n\n<h3 class=\"wp-block-heading\">4. Datenschutz<\/h3>\n\n\n\n<p>Sofern innerhalb der Website die M\u00f6glichkeit zur Eingabe pers\u00f6nlicher oder gesch\u00e4ftlicher Daten (Mailadressen, Namen, Anschriften) besteht, so erfolgt die Preisgabe dieser Daten seitens des Nutzers auf ausdr\u00fccklich freiwilliger Basis. Die Inanspruchnahme und ggf. Bezahlung aller angebotenen Dienste ist &#8211; soweit technisch m\u00f6glich und zumutbar &#8211; auch ohne Angabe solcher Daten bzw. unter Angabe anonymisierter Daten oder eines Pseudonyms gestattet. Eine Weiterleitung an Dritte erfolgt nicht ohne ausdr\u00fcckliche Zustimmung des Users.<\/p>\n\n\n\n<p>Die Nutzung der im Rahmen des Impressums oder vergleichbarer Angaben ver\u00f6ffentlichten Kontaktdaten wie Postanschriften, Telefon- und Faxnummern sowie Emailadressen durch Dritte zur \u00dcbersendung von nicht ausdr\u00fccklich angeforderten Informationen ist nicht gestattet. Rechtliche Schritte gegen die Versender von sogenannten Spam-Mails bei Verst\u00f6\u00dfen gegen dieses Verbot sind ausdr\u00fccklich vorbehalten.<\/p>\n\n\n\n<p>Zur Verwaltung der eingesetzten Cookies und \u00e4hnlichen Technologien (Tracking-Pixel, Web-Beacons etc.) und diesbez\u00fcglicher Einwilligungen setzen wir das Consent Tool &#8222;Real Cookie Banner&#8220; ein. Details zur Funktionsweise von &#8222;Real Cookie Banner&#8220; findest du unter <a rel=\"noreferrer noopener\" href=\"https:\/\/devowl.io\/de\/rcb\/datenverarbeitung\/\" target=\"_blank\">https:\/\/devowl.io\/de\/rcb\/datenverarbeitung\/<\/a>.<\/p>\n\n\n\n<p>Rechtsgrundlagen f\u00fcr die Verarbeitung von personenbezogenen Daten in diesem Zusammenhang sind Art. 6 Abs. 1 lit. c DS-GVO und Art. 6 Abs. 1 lit. f DS-GVO. Unser berechtigtes Interesse ist die Verwaltung der eingesetzten Cookies und \u00e4hnlichen Technologien und der diesbez\u00fcglichen Einwilligungen.<\/p>\n\n\n\n<p>Die Bereitstellung der personenbezogenen Daten ist weder vertraglich vorgeschrieben noch f\u00fcr den Abschluss eines Vertrages notwendig. Du bist nicht verpflichtet die personenbezogenen Daten bereitzustellen. Wenn du die personenbezogenen Daten nicht bereitstellst, k\u00f6nnen wir deine Einwilligungen nicht verwalten.<\/p>\n\n\n\n<h3 class=\"wp-block-heading\">5. Rechtswirksamkeit dieses Haftungsausschlusses<\/h3>\n\n\n\n<p>Dieser Haftungsausschluss ist als Teil des Informationsangebotes zu betrachten, von dem aus auf diese Seite verwiesen wurde. Sofern Teile oder einzelne Formulierungen dieses Textes der geltenden Rechtslage nicht, nicht mehr oder nicht vollst\u00e4ndig entsprechen sollten, bleiben die \u00fcbrigen Teile des Dokumentes in ihrem Inhalt und ihrer G\u00fcltigkeit davon unber\u00fchrt.<\/p>\n\n\n\n<h3 class=\"wp-block-heading\">6. Hinweis auf EU-Streitschlichtung<\/h3>\n\n\n\n<p>Die Europ\u00e4ische Kommission stellt eine Plattform zur Online-Streitbeilegung (OS) bereit:&nbsp;<a href=\"http:\/\/ec.europa.eu\/consumers\/odr\/\" target=\"_blank\" rel=\"noreferrer noopener\">ec.europa.eu\/consumers\/odr\/<\/a>&nbsp;<br><strong>Hinweis<\/strong>: Dieser Link f\u00fchrt auf die Seite eines anderen Anbieters und Sie verlassen unsere Webseite.<br>Unsere E-Mail-Adresse finden Sie oben im Impressum<\/p>\n\n\n\n<p>Hinweis auf Verbraucherstreitbeilegung gem\u00e4\u00df VSBG<br>Die Sina Madlung und Robin Schulz GbR&nbsp;nimmt nicht an Streitbeilegungsverfahren vor einer Streitbeilegungsstelle teil.<\/p>\n\n\n<p>[ga_optout]<\/p>\n","protected":false},"excerpt":{"rendered":"<p>Sina Madlung und Robin Schulz GbRvertretungsberechtigte Gesellschafter:&nbsp;Sina Madlung, Robin SchulzWestring 34744579 Castrop-Rauxel Telefon:&nbsp;+49 (0)176 800 77 155, +49 (0)171 265 09 62E-Mail: info@gest\u00fct-forstwald.de Umsatzsteuer-Identifikationsnummer gem. \u00a7 27 a Umsatzsteuergesetz: DE357095177 Redaktionell Verantwortliche: Sina Madlung und Robin Schulz, Westring 347, 44579 Castrop-Rauxel Link auf die Plattform der EU-Kommission zur Online-Streitbeilegung:&nbsp;https:\/\/ec.europa.eu\/consumers\/odr Haftungsausschluss 1. Inhalt der Seiten Die &hellip; <\/p>\n<p class=\"link-more\"><a href=\"https:\/\/xn--gestt-forstwald-2vb.de\/?page_id=86\" class=\"more-link\">Mehr <span class=\"screen-reader-text\">\u00fcber &#8222;Impressum&#8220; <\/span>Lesen<\/a><\/p>\n","protected":false},"author":1,"featured_media":0,"parent":0,"menu_order":0,"comment_status":"closed","ping_status":"closed","template":"","meta":{"footnotes":""},"_links":{"self":[{"href":"https:\/\/xn--gestt-forstwald-2vb.de\/index.php?rest_route=\/wp\/v2\/pages\/86"}],"collection":[{"href":"https:\/\/xn--gestt-forstwald-2vb.de\/index.php?rest_route=\/wp\/v2\/pages"}],"about":[{"href":"https:\/\/xn--gestt-forstwald-2vb.de\/index.php?rest_route=\/wp\/v2\/types\/page"}],"author":[{"embeddable":true,"href":"https:\/\/xn--gestt-forstwald-2vb.de\/index.php?rest_route=\/wp\/v2\/users\/1"}],"replies":[{"embeddable":true,"href":"https:\/\/xn--gestt-forstwald-2vb.de\/index.php?rest_route=%2Fwp%2Fv2%2Fcomments&post=86"}],"version-history":[{"count":4,"href":"https:\/\/xn--gestt-forstwald-2vb.de\/index.php?rest_route=\/wp\/v2\/pages\/86\/revisions"}],"predecessor-version":[{"id":97,"href":"https:\/\/xn--gestt-forstwald-2vb.de\/index.php?rest_route=\/wp\/v2\/pages\/86\/revisions\/97"}],"wp:attachment":[{"href":"https:\/\/xn--gestt-forstwald-2vb.de\/index.php?rest_route=%2Fwp%2Fv2%2Fmedia&parent=86"}],"curies":[{"name":"wp","href":"https:\/\/api.w.org\/{rel}","templated":true}]}}