{"id":33,"date":"2022-12-13T14:27:56","date_gmt":"2022-12-13T14:27:56","guid":{"rendered":"https:\/\/xn--gestt-forstwald-2vb.de\/?page_id=33"},"modified":"2024-05-02T07:19:02","modified_gmt":"2024-05-02T07:19:02","slug":"bewegungshalle","status":"publish","type":"page","link":"https:\/\/xn--gestt-forstwald-2vb.de\/?page_id=33","title":{"rendered":"Bewegungshalle"},"content":{"rendered":"\n<div class=\"wp-block-columns is-layout-flex wp-container-core-columns-is-layout-1 wp-block-columns-is-layout-flex\">\n<div class=\"wp-block-column is-layout-flow wp-block-column-is-layout-flow\">\n<p>In unserer gro\u00dfz\u00fcgigen Bewegungshalle im Gest\u00fct Forstwald stehen Ihnen 18m x 20m Fl\u00e4che zur Verf\u00fcgung. \u00dcber die ReitZeit-App buchbar, bietet sie Ihnen vielseitige M\u00f6glichkeiten f\u00fcr Trainingseinheiten wie Longieren, Bodenarbeit, Reiten und freies Bewegen Ihrer Pferde.<\/p>\n<\/div>\n\n\n\n<div class=\"wp-block-column is-layout-flow wp-block-column-is-layout-flow\"><figure class=\"wp-block-post-featured-image\"><img loading=\"lazy\" decoding=\"async\" width=\"2560\" height=\"1920\" src=\"https:\/\/xn--gestt-forstwald-2vb.de\/wp-content\/uploads\/2024\/05\/2024-05-01-15.38-2-scaled.jpg\" class=\"attachment-post-thumbnail size-post-thumbnail wp-post-image\" alt=\"\" style=\"object-fit:cover;\" srcset=\"https:\/\/xn--gestt-forstwald-2vb.de\/wp-content\/uploads\/2024\/05\/2024-05-01-15.38-2-scaled.jpg 2560w, https:\/\/xn--gestt-forstwald-2vb.de\/wp-content\/uploads\/2024\/05\/2024-05-01-15.38-2-300x225.jpg 300w, https:\/\/xn--gestt-forstwald-2vb.de\/wp-content\/uploads\/2024\/05\/2024-05-01-15.38-2-1024x768.jpg 1024w, https:\/\/xn--gestt-forstwald-2vb.de\/wp-content\/uploads\/2024\/05\/2024-05-01-15.38-2-2000x1500.jpg 2000w\" sizes=\"100vw\" \/><\/figure><\/div>\n<\/div>\n","protected":false},"excerpt":{"rendered":"<p>In unserer gro\u00dfz\u00fcgigen Bewegungshalle im Gest\u00fct Forstwald stehen Ihnen 18m x 20m Fl\u00e4che zur Verf\u00fcgung. \u00dcber die ReitZeit-App buchbar, bietet sie Ihnen vielseitige M\u00f6glichkeiten f\u00fcr Trainingseinheiten wie Longieren, Bodenarbeit, Reiten und freies Bewegen Ihrer Pferde.<\/p>\n","protected":false},"author":1,"featured_media":170,"parent":0,"menu_order":0,"comment_status":"closed","ping_status":"closed","template":"","meta":{"footnotes":""},"_links":{"self":[{"href":"https:\/\/xn--gestt-forstwald-2vb.de\/index.php?rest_route=\/wp\/v2\/pages\/33"}],"collection":[{"href":"https:\/\/xn--gestt-forstwald-2vb.de\/index.php?rest_route=\/wp\/v2\/pages"}],"about":[{"href":"https:\/\/xn--gestt-forstwald-2vb.de\/index.php?rest_route=\/wp\/v2\/types\/page"}],"author":[{"embeddable":true,"href":"https:\/\/xn--gestt-forstwald-2vb.de\/index.php?rest_route=\/wp\/v2\/users\/1"}],"replies":[{"embeddable":true,"href":"https:\/\/xn--gestt-forstwald-2vb.de\/index.php?rest_route=%2Fwp%2Fv2%2Fcomments&post=33"}],"version-history":[{"count":4,"href":"https:\/\/xn--gestt-forstwald-2vb.de\/index.php?rest_route=\/wp\/v2\/pages\/33\/revisions"}],"predecessor-version":[{"id":171,"href":"https:\/\/xn--gestt-forstwald-2vb.de\/index.php?rest_route=\/wp\/v2\/pages\/33\/revisions\/171"}],"wp:featuredmedia":[{"embeddable":true,"href":"https:\/\/xn--gestt-forstwald-2vb.de\/index.php?rest_route=\/wp\/v2\/media\/170"}],"wp:attachment":[{"href":"https:\/\/xn--gestt-forstwald-2vb.de\/index.php?rest_route=%2Fwp%2Fv2%2Fmedia&parent=33"}],"curies":[{"name":"wp","href":"https:\/\/api.w.org\/{rel}","templated":true}]}}