{"id":29,"date":"2022-12-13T14:27:31","date_gmt":"2022-12-13T14:27:31","guid":{"rendered":"https:\/\/xn--gestt-forstwald-2vb.de\/?page_id=29"},"modified":"2024-04-04T11:43:06","modified_gmt":"2024-04-04T11:43:06","slug":"reithalle","status":"publish","type":"page","link":"https:\/\/xn--gestt-forstwald-2vb.de\/?page_id=29","title":{"rendered":"Reithalle"},"content":{"rendered":"\n<div class=\"wp-block-columns is-layout-flex wp-container-core-columns-is-layout-1 wp-block-columns-is-layout-flex\">\n<div class=\"wp-block-column is-layout-flow wp-block-column-is-layout-flow\" style=\"flex-basis:50%\"><figure class=\"wp-block-post-featured-image\"><img loading=\"lazy\" decoding=\"async\" width=\"2560\" height=\"1986\" src=\"https:\/\/xn--gestt-forstwald-2vb.de\/wp-content\/uploads\/2024\/04\/Reithalle-1-scaled.jpg\" class=\"attachment-post-thumbnail size-post-thumbnail wp-post-image\" alt=\"\" style=\"object-fit:cover;\" srcset=\"https:\/\/xn--gestt-forstwald-2vb.de\/wp-content\/uploads\/2024\/04\/Reithalle-1-scaled.jpg 2560w, https:\/\/xn--gestt-forstwald-2vb.de\/wp-content\/uploads\/2024\/04\/Reithalle-1-300x233.jpg 300w, https:\/\/xn--gestt-forstwald-2vb.de\/wp-content\/uploads\/2024\/04\/Reithalle-1-1024x795.jpg 1024w, https:\/\/xn--gestt-forstwald-2vb.de\/wp-content\/uploads\/2024\/04\/Reithalle-1-2000x1552.jpg 2000w\" sizes=\"100vw\" \/><\/figure><\/div>\n\n\n\n<div class=\"wp-block-column is-layout-flow wp-block-column-is-layout-flow\" style=\"flex-basis:50%\">\n<p>Unsere Reithalle im Gest\u00fct Forstwald bietet Ihnen optimale Bedingungen f\u00fcr Ihr Training. Mit einer Gr\u00f6\u00dfe von 20m x 40m ist sie \u00fcber die ReitZeit-App buchbar. Ausgestattet mit zwei Spiegeln, einer kleinen Trib\u00fcne und hochwertigem Stremmer Reitsand, bietet sie Ihnen die ideale Umgebung f\u00fcr produktive Trainingseinheiten.<\/p>\n<\/div>\n<\/div>\n","protected":false},"excerpt":{"rendered":"<p>Unsere Reithalle im Gest\u00fct Forstwald bietet Ihnen optimale Bedingungen f\u00fcr Ihr Training. Mit einer Gr\u00f6\u00dfe von 20m x 40m ist sie \u00fcber die ReitZeit-App buchbar. Ausgestattet mit zwei Spiegeln, einer kleinen Trib\u00fcne und hochwertigem Stremmer Reitsand, bietet sie Ihnen die ideale Umgebung f\u00fcr produktive Trainingseinheiten.<\/p>\n","protected":false},"author":1,"featured_media":131,"parent":0,"menu_order":0,"comment_status":"closed","ping_status":"closed","template":"","meta":{"footnotes":""},"_links":{"self":[{"href":"https:\/\/xn--gestt-forstwald-2vb.de\/index.php?rest_route=\/wp\/v2\/pages\/29"}],"collection":[{"href":"https:\/\/xn--gestt-forstwald-2vb.de\/index.php?rest_route=\/wp\/v2\/pages"}],"about":[{"href":"https:\/\/xn--gestt-forstwald-2vb.de\/index.php?rest_route=\/wp\/v2\/types\/page"}],"author":[{"embeddable":true,"href":"https:\/\/xn--gestt-forstwald-2vb.de\/index.php?rest_route=\/wp\/v2\/users\/1"}],"replies":[{"embeddable":true,"href":"https:\/\/xn--gestt-forstwald-2vb.de\/index.php?rest_route=%2Fwp%2Fv2%2Fcomments&post=29"}],"version-history":[{"count":5,"href":"https:\/\/xn--gestt-forstwald-2vb.de\/index.php?rest_route=\/wp\/v2\/pages\/29\/revisions"}],"predecessor-version":[{"id":137,"href":"https:\/\/xn--gestt-forstwald-2vb.de\/index.php?rest_route=\/wp\/v2\/pages\/29\/revisions\/137"}],"wp:featuredmedia":[{"embeddable":true,"href":"https:\/\/xn--gestt-forstwald-2vb.de\/index.php?rest_route=\/wp\/v2\/media\/131"}],"wp:attachment":[{"href":"https:\/\/xn--gestt-forstwald-2vb.de\/index.php?rest_route=%2Fwp%2Fv2%2Fmedia&parent=29"}],"curies":[{"name":"wp","href":"https:\/\/api.w.org\/{rel}","templated":true}]}}