{"id":27,"date":"2022-12-13T14:27:20","date_gmt":"2022-12-13T14:27:20","guid":{"rendered":"https:\/\/xn--gestt-forstwald-2vb.de\/?page_id=27"},"modified":"2024-04-04T12:41:14","modified_gmt":"2024-04-04T12:41:14","slug":"waldbahn","status":"publish","type":"page","link":"https:\/\/xn--gestt-forstwald-2vb.de\/?page_id=27","title":{"rendered":"Waldbahn"},"content":{"rendered":"\n<div class=\"wp-block-columns is-layout-flex wp-container-core-columns-is-layout-1 wp-block-columns-is-layout-flex\">\n<div class=\"wp-block-column is-layout-flow wp-block-column-is-layout-flow\" style=\"flex-basis:50%\"><figure class=\"wp-block-post-featured-image\"><img loading=\"lazy\" decoding=\"async\" width=\"960\" height=\"640\" src=\"https:\/\/xn--gestt-forstwald-2vb.de\/wp-content\/uploads\/2024\/04\/Waldbahn.jpg\" class=\"attachment-post-thumbnail size-post-thumbnail wp-post-image\" alt=\"\" style=\"object-fit:cover;\" srcset=\"https:\/\/xn--gestt-forstwald-2vb.de\/wp-content\/uploads\/2024\/04\/Waldbahn.jpg 960w, https:\/\/xn--gestt-forstwald-2vb.de\/wp-content\/uploads\/2024\/04\/Waldbahn-300x200.jpg 300w\" sizes=\"100vw\" \/><\/figure><\/div>\n\n\n\n<div class=\"wp-block-column is-layout-flow wp-block-column-is-layout-flow\" style=\"flex-basis:50%\">\n<p>Erleben Sie die Sch\u00f6nheit der Natur auf unserer 3km langen Waldsandbahn im Gest\u00fct Forstwald. Die 5m breite Bahn erm\u00f6glicht Ihnen ein unvergleichliches Reiterlebnis, umgeben von B\u00e4umen, die im Sommer angenehmen Schatten spenden.<\/p>\n<\/div>\n<\/div>\n","protected":false},"excerpt":{"rendered":"<p>Erleben Sie die Sch\u00f6nheit der Natur auf unserer 3km langen Waldsandbahn im Gest\u00fct Forstwald. Die 5m breite Bahn erm\u00f6glicht Ihnen ein unvergleichliches Reiterlebnis, umgeben von B\u00e4umen, die im Sommer angenehmen Schatten spenden.<\/p>\n","protected":false},"author":1,"featured_media":125,"parent":0,"menu_order":0,"comment_status":"closed","ping_status":"closed","template":"","meta":{"footnotes":""},"_links":{"self":[{"href":"https:\/\/xn--gestt-forstwald-2vb.de\/index.php?rest_route=\/wp\/v2\/pages\/27"}],"collection":[{"href":"https:\/\/xn--gestt-forstwald-2vb.de\/index.php?rest_route=\/wp\/v2\/pages"}],"about":[{"href":"https:\/\/xn--gestt-forstwald-2vb.de\/index.php?rest_route=\/wp\/v2\/types\/page"}],"author":[{"embeddable":true,"href":"https:\/\/xn--gestt-forstwald-2vb.de\/index.php?rest_route=\/wp\/v2\/users\/1"}],"replies":[{"embeddable":true,"href":"https:\/\/xn--gestt-forstwald-2vb.de\/index.php?rest_route=%2Fwp%2Fv2%2Fcomments&post=27"}],"version-history":[{"count":4,"href":"https:\/\/xn--gestt-forstwald-2vb.de\/index.php?rest_route=\/wp\/v2\/pages\/27\/revisions"}],"predecessor-version":[{"id":143,"href":"https:\/\/xn--gestt-forstwald-2vb.de\/index.php?rest_route=\/wp\/v2\/pages\/27\/revisions\/143"}],"wp:featuredmedia":[{"embeddable":true,"href":"https:\/\/xn--gestt-forstwald-2vb.de\/index.php?rest_route=\/wp\/v2\/media\/125"}],"wp:attachment":[{"href":"https:\/\/xn--gestt-forstwald-2vb.de\/index.php?rest_route=%2Fwp%2Fv2%2Fmedia&parent=27"}],"curies":[{"name":"wp","href":"https:\/\/api.w.org\/{rel}","templated":true}]}}