{"id":25,"date":"2022-12-13T14:27:12","date_gmt":"2022-12-13T14:27:12","guid":{"rendered":"https:\/\/xn--gestt-forstwald-2vb.de\/?page_id=25"},"modified":"2024-04-04T11:45:18","modified_gmt":"2024-04-04T11:45:18","slug":"rennbahn","status":"publish","type":"page","link":"https:\/\/xn--gestt-forstwald-2vb.de\/?page_id=25","title":{"rendered":"Rennbahn"},"content":{"rendered":"\n<p>Unsere Rennbahn im Gest\u00fct Forstwald erstreckt sich \u00fcber 1200m L\u00e4nge und 15m Breite, ideal f\u00fcr Traber und Galopper. Die Gr\u00f6\u00dfe der Bahn sorgt f\u00fcr optimale Bedingungen, damit Sie das Beste aus Ihrem Training herausholen k\u00f6nnen.<\/p>\n\n\n\n<div class=\"wp-block-columns is-layout-flex wp-container-core-columns-is-layout-1 wp-block-columns-is-layout-flex\">\n<div class=\"wp-block-column is-layout-flow wp-block-column-is-layout-flow\" style=\"flex-basis:50%\"><figure class=\"wp-block-post-featured-image\"><img loading=\"lazy\" decoding=\"async\" width=\"960\" height=\"640\" src=\"https:\/\/xn--gestt-forstwald-2vb.de\/wp-content\/uploads\/2024\/04\/Trabrennbahn-2.jpg\" class=\"attachment-post-thumbnail size-post-thumbnail wp-post-image\" alt=\"\" style=\"object-fit:cover;\" srcset=\"https:\/\/xn--gestt-forstwald-2vb.de\/wp-content\/uploads\/2024\/04\/Trabrennbahn-2.jpg 960w, https:\/\/xn--gestt-forstwald-2vb.de\/wp-content\/uploads\/2024\/04\/Trabrennbahn-2-300x200.jpg 300w\" sizes=\"100vw\" \/><\/figure><\/div>\n\n\n\n<div class=\"wp-block-column is-layout-flow wp-block-column-is-layout-flow\" style=\"flex-basis:50%\">\n<figure class=\"wp-block-image size-full\"><img loading=\"lazy\" decoding=\"async\" width=\"960\" height=\"640\" src=\"https:\/\/xn--gestt-forstwald-2vb.de\/wp-content\/uploads\/2024\/04\/Trabrennbahn-1.jpg\" alt=\"\" class=\"wp-image-134\" srcset=\"https:\/\/xn--gestt-forstwald-2vb.de\/wp-content\/uploads\/2024\/04\/Trabrennbahn-1.jpg 960w, https:\/\/xn--gestt-forstwald-2vb.de\/wp-content\/uploads\/2024\/04\/Trabrennbahn-1-300x200.jpg 300w\" sizes=\"(max-width: 960px) 100vw, 960px\" \/><\/figure>\n<\/div>\n<\/div>\n","protected":false},"excerpt":{"rendered":"<p>Unsere Rennbahn im Gest\u00fct Forstwald erstreckt sich \u00fcber 1200m L\u00e4nge und 15m Breite, ideal f\u00fcr Traber und Galopper. Die Gr\u00f6\u00dfe der Bahn sorgt f\u00fcr optimale Bedingungen, damit Sie das Beste aus Ihrem Training herausholen k\u00f6nnen.<\/p>\n","protected":false},"author":1,"featured_media":136,"parent":0,"menu_order":0,"comment_status":"closed","ping_status":"closed","template":"","meta":{"footnotes":""},"_links":{"self":[{"href":"https:\/\/xn--gestt-forstwald-2vb.de\/index.php?rest_route=\/wp\/v2\/pages\/25"}],"collection":[{"href":"https:\/\/xn--gestt-forstwald-2vb.de\/index.php?rest_route=\/wp\/v2\/pages"}],"about":[{"href":"https:\/\/xn--gestt-forstwald-2vb.de\/index.php?rest_route=\/wp\/v2\/types\/page"}],"author":[{"embeddable":true,"href":"https:\/\/xn--gestt-forstwald-2vb.de\/index.php?rest_route=\/wp\/v2\/users\/1"}],"replies":[{"embeddable":true,"href":"https:\/\/xn--gestt-forstwald-2vb.de\/index.php?rest_route=%2Fwp%2Fv2%2Fcomments&post=25"}],"version-history":[{"count":5,"href":"https:\/\/xn--gestt-forstwald-2vb.de\/index.php?rest_route=\/wp\/v2\/pages\/25\/revisions"}],"predecessor-version":[{"id":140,"href":"https:\/\/xn--gestt-forstwald-2vb.de\/index.php?rest_route=\/wp\/v2\/pages\/25\/revisions\/140"}],"wp:featuredmedia":[{"embeddable":true,"href":"https:\/\/xn--gestt-forstwald-2vb.de\/index.php?rest_route=\/wp\/v2\/media\/136"}],"wp:attachment":[{"href":"https:\/\/xn--gestt-forstwald-2vb.de\/index.php?rest_route=%2Fwp%2Fv2%2Fmedia&parent=25"}],"curies":[{"name":"wp","href":"https:\/\/api.w.org\/{rel}","templated":true}]}}