{"id":23,"date":"2022-12-13T14:27:04","date_gmt":"2022-12-13T14:27:04","guid":{"rendered":"https:\/\/xn--gestt-forstwald-2vb.de\/?page_id=23"},"modified":"2024-04-04T11:44:02","modified_gmt":"2024-04-04T11:44:02","slug":"reitplaetze","status":"publish","type":"page","link":"https:\/\/xn--gestt-forstwald-2vb.de\/?page_id=23","title":{"rendered":"Reitpl\u00e4tze"},"content":{"rendered":"\n<div class=\"wp-block-columns is-layout-flex wp-container-core-columns-is-layout-1 wp-block-columns-is-layout-flex\">\n<div class=\"wp-block-column is-layout-flow wp-block-column-is-layout-flow\" style=\"flex-basis:50%\">\n<div class=\"wp-block-group is-nowrap is-layout-flex wp-container-core-group-is-layout-1 wp-block-group-is-layout-flex\">\n<p>F\u00fcr anspruchsvolles Training stehen Ihnen im Gest\u00fct Forstwald erstklassige Reitpl\u00e4tze zur Verf\u00fcgung. Wir bieten einen Reitplatz mit den Ma\u00dfen 25m x 60m, einen weiteren mit 30m x 40m sowie einen speziellen Springplatz mit 30m x 65m. Zus\u00e4tzlich steht Ihnen ein Roundpen im Au\u00dfenbereich mit einem Durchmesser von 18m zur Verf\u00fcgung, der bequem \u00fcber die ReitZeit-App gebucht werden kann. Des Weiteren bieten wir einen \u00fcberdachten Roundpen mit 16m Durchmesser f\u00fcr wetterunabh\u00e4ngiges Training.<\/p>\n<\/div>\n<\/div>\n\n\n\n<div class=\"wp-block-column is-layout-flow wp-block-column-is-layout-flow\" style=\"flex-basis:50%\"><figure class=\"wp-block-post-featured-image\"><img loading=\"lazy\" decoding=\"async\" width=\"960\" height=\"640\" src=\"https:\/\/xn--gestt-forstwald-2vb.de\/wp-content\/uploads\/2024\/04\/Reitplatz.jpg\" class=\"attachment-post-thumbnail size-post-thumbnail wp-post-image\" alt=\"\" style=\"object-fit:cover;\" srcset=\"https:\/\/xn--gestt-forstwald-2vb.de\/wp-content\/uploads\/2024\/04\/Reitplatz.jpg 960w, https:\/\/xn--gestt-forstwald-2vb.de\/wp-content\/uploads\/2024\/04\/Reitplatz-300x200.jpg 300w\" sizes=\"100vw\" \/><\/figure><\/div>\n<\/div>\n","protected":false},"excerpt":{"rendered":"<p>F\u00fcr anspruchsvolles Training stehen Ihnen im Gest\u00fct Forstwald erstklassige Reitpl\u00e4tze zur Verf\u00fcgung. Wir bieten einen Reitplatz mit den Ma\u00dfen 25m x 60m, einen weiteren mit 30m x 40m sowie einen speziellen Springplatz mit 30m x 65m. Zus\u00e4tzlich steht Ihnen ein Roundpen im Au\u00dfenbereich mit einem Durchmesser von 18m zur Verf\u00fcgung, der bequem \u00fcber die ReitZeit-App &hellip; <\/p>\n<p class=\"link-more\"><a href=\"https:\/\/xn--gestt-forstwald-2vb.de\/?page_id=23\" class=\"more-link\">Mehr <span class=\"screen-reader-text\">\u00fcber &#8222;Reitpl\u00e4tze&#8220; <\/span>Lesen<\/a><\/p>\n","protected":false},"author":1,"featured_media":132,"parent":0,"menu_order":0,"comment_status":"closed","ping_status":"closed","template":"","meta":{"footnotes":""},"_links":{"self":[{"href":"https:\/\/xn--gestt-forstwald-2vb.de\/index.php?rest_route=\/wp\/v2\/pages\/23"}],"collection":[{"href":"https:\/\/xn--gestt-forstwald-2vb.de\/index.php?rest_route=\/wp\/v2\/pages"}],"about":[{"href":"https:\/\/xn--gestt-forstwald-2vb.de\/index.php?rest_route=\/wp\/v2\/types\/page"}],"author":[{"embeddable":true,"href":"https:\/\/xn--gestt-forstwald-2vb.de\/index.php?rest_route=\/wp\/v2\/users\/1"}],"replies":[{"embeddable":true,"href":"https:\/\/xn--gestt-forstwald-2vb.de\/index.php?rest_route=%2Fwp%2Fv2%2Fcomments&post=23"}],"version-history":[{"count":3,"href":"https:\/\/xn--gestt-forstwald-2vb.de\/index.php?rest_route=\/wp\/v2\/pages\/23\/revisions"}],"predecessor-version":[{"id":138,"href":"https:\/\/xn--gestt-forstwald-2vb.de\/index.php?rest_route=\/wp\/v2\/pages\/23\/revisions\/138"}],"wp:featuredmedia":[{"embeddable":true,"href":"https:\/\/xn--gestt-forstwald-2vb.de\/index.php?rest_route=\/wp\/v2\/media\/132"}],"wp:attachment":[{"href":"https:\/\/xn--gestt-forstwald-2vb.de\/index.php?rest_route=%2Fwp%2Fv2%2Fmedia&parent=23"}],"curies":[{"name":"wp","href":"https:\/\/api.w.org\/{rel}","templated":true}]}}