{"id":21,"date":"2022-12-13T14:26:51","date_gmt":"2022-12-13T14:26:51","guid":{"rendered":"https:\/\/xn--gestt-forstwald-2vb.de\/?page_id=21"},"modified":"2024-05-02T07:16:59","modified_gmt":"2024-05-02T07:16:59","slug":"paddocks","status":"publish","type":"page","link":"https:\/\/xn--gestt-forstwald-2vb.de\/?page_id=21","title":{"rendered":"Paddocks"},"content":{"rendered":"\n<div class=\"wp-block-columns is-layout-flex wp-container-core-columns-is-layout-1 wp-block-columns-is-layout-flex\">\n<div class=\"wp-block-column is-layout-flow wp-block-column-is-layout-flow\">\n<p>Unsere befestigten Sandpaddocks im Gest\u00fct Forstwald bieten eine ideale Erg\u00e4nzung zu unseren Weiden. Sie sind in Stuten- und Wallachherden aufgeteilt, um ein harmonisches Miteinander zu gew\u00e4hrleisten. Unsere Paddocks sorgen f\u00fcr optimale Bedingungen f\u00fcr Bewegung und Entspannung.<\/p>\n<\/div>\n\n\n\n<div class=\"wp-block-column is-layout-flow wp-block-column-is-layout-flow\"><figure class=\"wp-block-post-featured-image\"><img loading=\"lazy\" decoding=\"async\" width=\"2560\" height=\"1920\" src=\"https:\/\/xn--gestt-forstwald-2vb.de\/wp-content\/uploads\/2024\/05\/2024-05-01-15.51-scaled.jpg\" class=\"attachment-post-thumbnail size-post-thumbnail wp-post-image\" alt=\"\" style=\"object-fit:cover;\" srcset=\"https:\/\/xn--gestt-forstwald-2vb.de\/wp-content\/uploads\/2024\/05\/2024-05-01-15.51-scaled.jpg 2560w, https:\/\/xn--gestt-forstwald-2vb.de\/wp-content\/uploads\/2024\/05\/2024-05-01-15.51-300x225.jpg 300w, https:\/\/xn--gestt-forstwald-2vb.de\/wp-content\/uploads\/2024\/05\/2024-05-01-15.51-1024x768.jpg 1024w, https:\/\/xn--gestt-forstwald-2vb.de\/wp-content\/uploads\/2024\/05\/2024-05-01-15.51-2000x1500.jpg 2000w\" sizes=\"100vw\" \/><\/figure><\/div>\n<\/div>\n","protected":false},"excerpt":{"rendered":"<p>Unsere befestigten Sandpaddocks im Gest\u00fct Forstwald bieten eine ideale Erg\u00e4nzung zu unseren Weiden. Sie sind in Stuten- und Wallachherden aufgeteilt, um ein harmonisches Miteinander zu gew\u00e4hrleisten. Unsere Paddocks sorgen f\u00fcr optimale Bedingungen f\u00fcr Bewegung und Entspannung.<\/p>\n","protected":false},"author":1,"featured_media":166,"parent":0,"menu_order":0,"comment_status":"closed","ping_status":"closed","template":"","meta":{"footnotes":""},"_links":{"self":[{"href":"https:\/\/xn--gestt-forstwald-2vb.de\/index.php?rest_route=\/wp\/v2\/pages\/21"}],"collection":[{"href":"https:\/\/xn--gestt-forstwald-2vb.de\/index.php?rest_route=\/wp\/v2\/pages"}],"about":[{"href":"https:\/\/xn--gestt-forstwald-2vb.de\/index.php?rest_route=\/wp\/v2\/types\/page"}],"author":[{"embeddable":true,"href":"https:\/\/xn--gestt-forstwald-2vb.de\/index.php?rest_route=\/wp\/v2\/users\/1"}],"replies":[{"embeddable":true,"href":"https:\/\/xn--gestt-forstwald-2vb.de\/index.php?rest_route=%2Fwp%2Fv2%2Fcomments&post=21"}],"version-history":[{"count":4,"href":"https:\/\/xn--gestt-forstwald-2vb.de\/index.php?rest_route=\/wp\/v2\/pages\/21\/revisions"}],"predecessor-version":[{"id":167,"href":"https:\/\/xn--gestt-forstwald-2vb.de\/index.php?rest_route=\/wp\/v2\/pages\/21\/revisions\/167"}],"wp:featuredmedia":[{"embeddable":true,"href":"https:\/\/xn--gestt-forstwald-2vb.de\/index.php?rest_route=\/wp\/v2\/media\/166"}],"wp:attachment":[{"href":"https:\/\/xn--gestt-forstwald-2vb.de\/index.php?rest_route=%2Fwp%2Fv2%2Fmedia&parent=21"}],"curies":[{"name":"wp","href":"https:\/\/api.w.org\/{rel}","templated":true}]}}