{"id":2,"date":"2016-05-10T03:48:21","date_gmt":"2016-05-10T03:48:21","guid":{"rendered":"https:\/\/xn--gestt-forstwald-2vb.de\/?page_id=2"},"modified":"2024-04-04T13:22:57","modified_gmt":"2024-04-04T13:22:57","slug":"sample-page","status":"publish","type":"page","link":"https:\/\/xn--gestt-forstwald-2vb.de\/","title":{"rendered":"Reitanlage mitten im Herzen des Ruhrgebietes"},"content":{"rendered":"<p><strong>Willkommen im Gest\u00fct Forstwald in Castrop-Rauxel!<\/strong><\/p>\n<p><em>Willkommen auf der Webseite des Gest\u00fct Forstwald, Ihrem idealen Ort f\u00fcr Pferdeliebhaber und Reitsportenthusiasten.<\/em><\/p>\n<p>Entdecken Sie unsere erstklassigen Einrichtungen:<\/p>\n<p><strong><a href=\"https:\/\/xn--gestt-forstwald-2vb.de\/?page_id=17\">St\u00e4lle<\/a>:<\/strong> Modern ausgestattete Boxen f\u00fcr das Wohlbefinden Ihrer Pferde.<br \/>\n<strong><a href=\"https:\/\/xn--gestt-forstwald-2vb.de\/?page_id=19\">Weiden<\/a>:<\/strong> Gro\u00dfz\u00fcgige Weiden mit frischem Gras f\u00fcr ausgedehnte Ausl\u00e4ufe.<br \/>\n<strong><a href=\"https:\/\/xn--gestt-forstwald-2vb.de\/?page_id=21\">Paddocks<\/a>:<\/strong> Befestigte Sandpaddocks f\u00fcr Bewegung und Entspannung.<br \/>\n<strong><a href=\"https:\/\/xn--gestt-forstwald-2vb.de\/?page_id=23\">Reitpl\u00e4tze<\/a>:<\/strong> Verschiedene Reitpl\u00e4tze und ein Springplatz f\u00fcr Ihr Training.<br \/>\n<strong><a href=\"https:\/\/xn--gestt-forstwald-2vb.de\/?page_id=25\">Rennbahn<\/a>:<\/strong> Eine professionelle Rennbahn f\u00fcr spannende Galopprennen.<br \/>\n<strong><a href=\"https:\/\/xn--gestt-forstwald-2vb.de\/?page_id=27\">Waldbahn<\/a>:<\/strong> Eine malerische Waldsandbahn f\u00fcr unvergessliche Ausritte.<br \/>\n<strong><a href=\"https:\/\/xn--gestt-forstwald-2vb.de\/?page_id=29\">Reithalle<\/a>:<\/strong> Eine ger\u00e4umige Reithalle f\u00fcr wetterunabh\u00e4ngiges Training.<br \/>\n<strong><a href=\"https:\/\/xn--gestt-forstwald-2vb.de\/?page_id=31\">F\u00fchranlage<\/a>:<\/strong> \u00dcberdachte F\u00fchranlage f\u00fcr kontrollierte Bewegung.<br \/>\n<strong><a href=\"https:\/\/xn--gestt-forstwald-2vb.de\/?page_id=33\">Bewegungshalle<\/a>:<\/strong> Vielseitige Bewegungshalle f\u00fcr abwechslungsreiches Training.<\/p>\n<p>Egal ob Freizeitreiter oder Profisportler \u2013 bei uns finden Sie die perfekte Umgebung f\u00fcr Ihr Pferd und sich selbst.<\/p>\n<p><em>Navigieren Sie durch unsere Webseite, um mehr \u00fcber unsere Einrichtungen, <a href=\"https:\/\/xn--gestt-forstwald-2vb.de\/?page_id=119\">Dienstleistungen<\/a> und Veranstaltungen zu erfahren. Wir freuen uns darauf, Sie im Gest\u00fct Forstwald willkommen zu hei\u00dfen!<\/em><\/p>\n\n\t\t<div id=\"instagram-gallery-feed-0\" class=\"instagram-gallery-feed\" data-feed=\"{&quot;id&quot;:0,&quot;account_id&quot;:&quot;7334164179993435&quot;,&quot;source&quot;:&quot;username&quot;,&quot;tag&quot;:&quot;wordpress&quot;,&quot;order_by&quot;:&quot;top_media&quot;,&quot;layout&quot;:&quot;gallery&quot;,&quot;limit&quot;:12,&quot;columns&quot;:3,&quot;lazy&quot;:false,&quot;spacing&quot;:10,&quot;highlight&quot;:{&quot;tag&quot;:&quot;&quot;,&quot;id&quot;:&quot;&quot;,&quot;position&quot;:&quot;1,3,5&quot;},&quot;reel&quot;:{&quot;hide&quot;:false},&quot;copyright&quot;:{&quot;hide&quot;:false,&quot;placeholder&quot;:&quot;&quot;},&quot;profile&quot;:{&quot;display&quot;:false,&quot;auto&quot;:false,&quot;username&quot;:&quot;&quot;,&quot;nickname&quot;:&quot;&quot;,&quot;website&quot;:&quot;&quot;,&quot;biography&quot;:&quot;&quot;,&quot;link_text&quot;:&quot;Follow&quot;,&quot;website_text&quot;:&quot;Website&quot;,&quot;avatar&quot;:&quot;&quot;},&quot;box&quot;:{&quot;display&quot;:false,&quot;padding&quot;:1,&quot;radius&quot;:0,&quot;background&quot;:&quot;#fefefe&quot;,&quot;profile&quot;:false,&quot;desc&quot;:&quot;&quot;,&quot;text_color&quot;:&quot;#000000&quot;},&quot;mask&quot;:{&quot;display&quot;:true,&quot;background&quot;:&quot;#5c3000&quot;,&quot;likes_count&quot;:true,&quot;comments_count&quot;:true},&quot;card&quot;:{&quot;display&quot;:false,&quot;radius&quot;:1,&quot;font_size&quot;:12,&quot;background&quot;:&quot;#ffffff&quot;,&quot;background_hover&quot;:&quot;#ffffff&quot;,&quot;text_color&quot;:&quot;#000000&quot;,&quot;padding&quot;:5,&quot;likes_count&quot;:true,&quot;text_length&quot;:10,&quot;comments_count&quot;:true,&quot;text_align&quot;:&quot;left&quot;},&quot;carousel&quot;:{&quot;slidespv&quot;:5,&quot;autoplay&quot;:false,&quot;autoplay_interval&quot;:3000,&quot;navarrows&quot;:true,&quot;navarrows_color&quot;:&quot;&quot;,&quot;pagination&quot;:true,&quot;pagination_color&quot;:&quot;&quot;},&quot;modal&quot;:{&quot;display&quot;:true,&quot;profile&quot;:true,&quot;media_description&quot;:true,&quot;likes_count&quot;:true,&quot;comments_count&quot;:true,&quot;text_align&quot;:&quot;left&quot;,&quot;modal_align&quot;:&quot;right&quot;,&quot;text_length&quot;:10000,&quot;font_size&quot;:12},&quot;button&quot;:{&quot;display&quot;:true,&quot;text&quot;:&quot;Besuch uns auf Instagram&quot;,&quot;text_color&quot;:&quot;#ffff&quot;,&quot;background&quot;:&quot;#7a4700&quot;,&quot;background_hover&quot;:&quot;&quot;},&quot;button_load&quot;:{&quot;display&quot;:false,&quot;text&quot;:&quot;Load more...&quot;,&quot;text_color&quot;:&quot;#ffff&quot;,&quot;background&quot;:&quot;&quot;,&quot;background_hover&quot;:&quot;&quot;}}\">\n\t\t<!-- <FeedContainer\/> -->\n\t\t<\/div>\n\t\t\n","protected":false},"excerpt":{"rendered":"<p>Willkommen im Gest\u00fct Forstwald in Castrop-Rauxel! Willkommen auf der Webseite des Gest\u00fct Forstwald, Ihrem idealen Ort f\u00fcr Pferdeliebhaber und Reitsportenthusiasten. Entdecken Sie unsere erstklassigen Einrichtungen: St\u00e4lle: Modern ausgestattete Boxen f\u00fcr das Wohlbefinden Ihrer Pferde. Weiden: Gro\u00dfz\u00fcgige Weiden mit frischem Gras f\u00fcr ausgedehnte Ausl\u00e4ufe. Paddocks: Befestigte Sandpaddocks f\u00fcr Bewegung und Entspannung. Reitpl\u00e4tze: Verschiedene Reitpl\u00e4tze und ein &hellip; <\/p>\n<p class=\"link-more\"><a href=\"https:\/\/xn--gestt-forstwald-2vb.de\/\" class=\"more-link\">Mehr <span class=\"screen-reader-text\">\u00fcber &#8222;Reitanlage mitten im Herzen des Ruhrgebietes&#8220; <\/span>Lesen<\/a><\/p>\n","protected":false},"author":1,"featured_media":0,"parent":0,"menu_order":0,"comment_status":"closed","ping_status":"closed","template":"page-templates\/homepage-builder-bb.php","meta":{"footnotes":""},"_links":{"self":[{"href":"https:\/\/xn--gestt-forstwald-2vb.de\/index.php?rest_route=\/wp\/v2\/pages\/2"}],"collection":[{"href":"https:\/\/xn--gestt-forstwald-2vb.de\/index.php?rest_route=\/wp\/v2\/pages"}],"about":[{"href":"https:\/\/xn--gestt-forstwald-2vb.de\/index.php?rest_route=\/wp\/v2\/types\/page"}],"author":[{"embeddable":true,"href":"https:\/\/xn--gestt-forstwald-2vb.de\/index.php?rest_route=\/wp\/v2\/users\/1"}],"replies":[{"embeddable":true,"href":"https:\/\/xn--gestt-forstwald-2vb.de\/index.php?rest_route=%2Fwp%2Fv2%2Fcomments&post=2"}],"version-history":[{"count":6,"href":"https:\/\/xn--gestt-forstwald-2vb.de\/index.php?rest_route=\/wp\/v2\/pages\/2\/revisions"}],"predecessor-version":[{"id":147,"href":"https:\/\/xn--gestt-forstwald-2vb.de\/index.php?rest_route=\/wp\/v2\/pages\/2\/revisions\/147"}],"wp:attachment":[{"href":"https:\/\/xn--gestt-forstwald-2vb.de\/index.php?rest_route=%2Fwp%2Fv2%2Fmedia&parent=2"}],"curies":[{"name":"wp","href":"https:\/\/api.w.org\/{rel}","templated":true}]}}