{"id":17,"date":"2022-12-13T14:25:56","date_gmt":"2022-12-13T14:25:56","guid":{"rendered":"https:\/\/xn--gestt-forstwald-2vb.de\/?page_id=17"},"modified":"2024-04-04T11:40:55","modified_gmt":"2024-04-04T11:40:55","slug":"staelle","status":"publish","type":"page","link":"https:\/\/xn--gestt-forstwald-2vb.de\/?page_id=17","title":{"rendered":"St\u00e4lle"},"content":{"rendered":"\n<div class=\"wp-block-columns is-layout-flex wp-container-core-columns-is-layout-1 wp-block-columns-is-layout-flex\">\n<div class=\"wp-block-column is-layout-flow wp-block-column-is-layout-flow\" style=\"flex-basis:50%\">\n<div class=\"wp-block-group is-nowrap is-layout-flex wp-container-core-group-is-layout-1 wp-block-group-is-layout-flex\">\n<p>Willkommen in unseren modernen St\u00e4llen im Gest\u00fct Forstwald! Hier bieten wir in insgesamt 8 St\u00e4llen ger\u00e4umige Boxen an, jede mit den Ma\u00dfen 3,7m x 3,7m. In jeder Box finden Sie ein Fenster f\u00fcr frische Luftzufuhr, einen Deckenhalter f\u00fcr Ihre Ausr\u00fcstung, einen Futtertrog und eine Selbsttr\u00e4nke f\u00fcr das Wohlbefinden Ihres Pferdes. Unsere St\u00e4lle verf\u00fcgen \u00fcber ein ausgekl\u00fcgeltes Bel\u00fcftungssystem, um optimale Bedingungen zu gew\u00e4hrleisten. Zus\u00e4tzlich bieten wir pro Stall eine Waschbox sowie ausreichend Platz f\u00fcr Spinde und Schr\u00e4nke, damit Sie Ihre Utensilien bequem verstauen k\u00f6nnen.<\/p>\n<\/div>\n<\/div>\n\n\n\n<div class=\"wp-block-column is-layout-flow wp-block-column-is-layout-flow\" style=\"flex-basis:50%\"><figure class=\"wp-block-post-featured-image\"><img loading=\"lazy\" decoding=\"async\" width=\"1600\" height=\"921\" src=\"https:\/\/xn--gestt-forstwald-2vb.de\/wp-content\/uploads\/2024\/04\/Stall.jpg\" class=\"attachment-post-thumbnail size-post-thumbnail wp-post-image\" alt=\"\" style=\"object-fit:cover;\" srcset=\"https:\/\/xn--gestt-forstwald-2vb.de\/wp-content\/uploads\/2024\/04\/Stall.jpg 1600w, https:\/\/xn--gestt-forstwald-2vb.de\/wp-content\/uploads\/2024\/04\/Stall-300x173.jpg 300w, https:\/\/xn--gestt-forstwald-2vb.de\/wp-content\/uploads\/2024\/04\/Stall-1024x589.jpg 1024w\" sizes=\"100vw\" \/><\/figure><\/div>\n<\/div>\n","protected":false},"excerpt":{"rendered":"<p>Willkommen in unseren modernen St\u00e4llen im Gest\u00fct Forstwald! Hier bieten wir in insgesamt 8 St\u00e4llen ger\u00e4umige Boxen an, jede mit den Ma\u00dfen 3,7m x 3,7m. In jeder Box finden Sie ein Fenster f\u00fcr frische Luftzufuhr, einen Deckenhalter f\u00fcr Ihre Ausr\u00fcstung, einen Futtertrog und eine Selbsttr\u00e4nke f\u00fcr das Wohlbefinden Ihres Pferdes. Unsere St\u00e4lle verf\u00fcgen \u00fcber ein &hellip; <\/p>\n<p class=\"link-more\"><a href=\"https:\/\/xn--gestt-forstwald-2vb.de\/?page_id=17\" class=\"more-link\">Mehr <span class=\"screen-reader-text\">\u00fcber &#8222;St\u00e4lle&#8220; <\/span>Lesen<\/a><\/p>\n","protected":false},"author":1,"featured_media":128,"parent":0,"menu_order":0,"comment_status":"closed","ping_status":"closed","template":"","meta":{"footnotes":""},"_links":{"self":[{"href":"https:\/\/xn--gestt-forstwald-2vb.de\/index.php?rest_route=\/wp\/v2\/pages\/17"}],"collection":[{"href":"https:\/\/xn--gestt-forstwald-2vb.de\/index.php?rest_route=\/wp\/v2\/pages"}],"about":[{"href":"https:\/\/xn--gestt-forstwald-2vb.de\/index.php?rest_route=\/wp\/v2\/types\/page"}],"author":[{"embeddable":true,"href":"https:\/\/xn--gestt-forstwald-2vb.de\/index.php?rest_route=\/wp\/v2\/users\/1"}],"replies":[{"embeddable":true,"href":"https:\/\/xn--gestt-forstwald-2vb.de\/index.php?rest_route=%2Fwp%2Fv2%2Fcomments&post=17"}],"version-history":[{"count":4,"href":"https:\/\/xn--gestt-forstwald-2vb.de\/index.php?rest_route=\/wp\/v2\/pages\/17\/revisions"}],"predecessor-version":[{"id":129,"href":"https:\/\/xn--gestt-forstwald-2vb.de\/index.php?rest_route=\/wp\/v2\/pages\/17\/revisions\/129"}],"wp:featuredmedia":[{"embeddable":true,"href":"https:\/\/xn--gestt-forstwald-2vb.de\/index.php?rest_route=\/wp\/v2\/media\/128"}],"wp:attachment":[{"href":"https:\/\/xn--gestt-forstwald-2vb.de\/index.php?rest_route=%2Fwp%2Fv2%2Fmedia&parent=17"}],"curies":[{"name":"wp","href":"https:\/\/api.w.org\/{rel}","templated":true}]}}