{"id":148,"date":"2024-04-05T12:39:53","date_gmt":"2024-04-05T12:39:53","guid":{"rendered":"https:\/\/xn--gestt-forstwald-2vb.de\/?page_id=148"},"modified":"2024-05-02T07:22:22","modified_gmt":"2024-05-02T07:22:22","slug":"dienstleistungen","status":"publish","type":"page","link":"https:\/\/xn--gestt-forstwald-2vb.de\/?page_id=148","title":{"rendered":"Dienstleistungen"},"content":{"rendered":"\n<div class=\"wp-block-columns is-layout-flex wp-container-core-columns-is-layout-1 wp-block-columns-is-layout-flex\">\n<div class=\"wp-block-column is-layout-flow wp-block-column-is-layout-flow\">\n<p>Bei uns im Gest\u00fct Forstwald liegt das Wohlergehen Ihrer Pferde uns am Herzen.<\/p>\n\n\n\n<p>Deshalb werden unsere Boxen t\u00e4glich gemistet und Ihre geliebten Vierbeiner erhalten eine rundum erstklassige Versorgung. <\/p>\n\n\n\n<p>Das beinhaltet 3x t\u00e4glich frisches Heu sowie 2x t\u00e4glich hochwertiges Kraftfutter. <\/p>\n\n\n\n<p>Im Preis inbegriffen sind auch spezielle Erg\u00e4nzungen wie Mash und Aspero, um die Bed\u00fcrfnisse Ihrer Pferde optimal zu decken.<\/p>\n\n\n\n<p>Dar\u00fcber hinaus werden die Pferde jeden Tag auf die Weiden gebracht und wieder zur\u00fcck in ihre Boxen gebracht. So k\u00f6nnen sie ausreichend Bewegung genie\u00dfen und gleichzeitig den Komfort ihrer Boxen nutzen.<\/p>\n<\/div>\n\n\n\n<div class=\"wp-block-column is-layout-flow wp-block-column-is-layout-flow\">\n<ul>\n<li>t\u00e4glich gemistet<\/li>\n\n\n\n<li>3x t\u00e4glich frisches Heu<\/li>\n\n\n\n<li>2x t\u00e4glich hochwertiges Kraftfutter<\/li>\n\n\n\n<li>Mash und Aspero<\/li>\n\n\n\n<li>jeden Tag auf die Weiden gebracht und wieder zur\u00fcck in ihre Boxen gebracht<\/li>\n<\/ul>\n\n\n\n<figure class=\"wp-block-image size-full is-resized\"><img loading=\"lazy\" decoding=\"async\" width=\"459\" height=\"170\" src=\"https:\/\/xn--gestt-forstwald-2vb.de\/wp-content\/uploads\/2022\/12\/image001.png\" alt=\"\" class=\"wp-image-55\" style=\"width:490px;height:auto\" srcset=\"https:\/\/xn--gestt-forstwald-2vb.de\/wp-content\/uploads\/2022\/12\/image001.png 459w, https:\/\/xn--gestt-forstwald-2vb.de\/wp-content\/uploads\/2022\/12\/image001-300x111.png 300w\" sizes=\"(max-width: 459px) 100vw, 459px\" \/><\/figure>\n<\/div>\n<\/div>\n\n\n\n<hr class=\"wp-block-separator has-alpha-channel-opacity is-style-wide\" style=\"margin-top:var(--wp--preset--spacing--small);margin-bottom:var(--wp--preset--spacing--small)\"\/>\n\n\n\n<div class=\"wp-block-media-text is-stacked-on-mobile\" style=\"grid-template-columns:24% auto\"><figure class=\"wp-block-media-text__media\"><a href=\"https:\/\/www.horstmann-heu.de\/\"><img loading=\"lazy\" decoding=\"async\" width=\"1024\" height=\"613\" src=\"https:\/\/xn--gestt-forstwald-2vb.de\/wp-content\/uploads\/2024\/04\/Logo_Horstmann_FIN-1024x613.png\" alt=\"\" class=\"wp-image-154 size-full\" srcset=\"https:\/\/xn--gestt-forstwald-2vb.de\/wp-content\/uploads\/2024\/04\/Logo_Horstmann_FIN-1024x613.png 1024w, https:\/\/xn--gestt-forstwald-2vb.de\/wp-content\/uploads\/2024\/04\/Logo_Horstmann_FIN-300x180.png 300w, https:\/\/xn--gestt-forstwald-2vb.de\/wp-content\/uploads\/2024\/04\/Logo_Horstmann_FIN-2000x1198.png 2000w\" sizes=\"(max-width: 1024px) 100vw, 1024px\" \/><\/a><\/figure><div class=\"wp-block-media-text__content\">\n<p><strong>Unser Heu<\/strong><\/p>\n\n\n\n<p>stammt von Horstmann, einem angesehenen Lieferanten, der sich durch seine langj\u00e4hrige Erfahrung und sein Engagement f\u00fcr Qualit\u00e4t auszeichnet. Horstmann liefert uns konsequent Heu von herausragender Qualit\u00e4t, das auf den besten Weiden angebaut und sorgf\u00e4ltig geerntet wird.<\/p>\n\n\n\n<p>Die au\u00dfergew\u00f6hnliche Qualit\u00e4t des Heus von Horstmann spiegelt sich in seiner Reinheit und seinem N\u00e4hrstoffgehalt wider, was f\u00fcr eine gesunde Ern\u00e4hrung und das Wohlbefinden unserer Pferde von entscheidender Bedeutung ist. Durch unsere Partnerschaft mit Horstmann k\u00f6nnen wir sicherstellen, dass unsere Kunden stets erstklassiges Heu erhalten, das den hohen Anspr\u00fcchen an die Pferdehaltung gerecht wird.<\/p>\n\n\n\n<p><a href=\"https:\/\/www.horstmann-heu.de\/\">Webseite HORSTMANN<\/a><\/p>\n<\/div><\/div>\n\n\n\n<p><\/p>\n","protected":false},"excerpt":{"rendered":"<p>Bei uns im Gest\u00fct Forstwald liegt das Wohlergehen Ihrer Pferde uns am Herzen. Deshalb werden unsere Boxen t\u00e4glich gemistet und Ihre geliebten Vierbeiner erhalten eine rundum erstklassige Versorgung. Das beinhaltet 3x t\u00e4glich frisches Heu sowie 2x t\u00e4glich hochwertiges Kraftfutter. Im Preis inbegriffen sind auch spezielle Erg\u00e4nzungen wie Mash und Aspero, um die Bed\u00fcrfnisse Ihrer Pferde &hellip; <\/p>\n<p class=\"link-more\"><a href=\"https:\/\/xn--gestt-forstwald-2vb.de\/?page_id=148\" class=\"more-link\">Mehr <span class=\"screen-reader-text\">\u00fcber &#8222;Dienstleistungen&#8220; <\/span>Lesen<\/a><\/p>\n","protected":false},"author":1,"featured_media":0,"parent":0,"menu_order":0,"comment_status":"closed","ping_status":"closed","template":"","meta":{"footnotes":""},"_links":{"self":[{"href":"https:\/\/xn--gestt-forstwald-2vb.de\/index.php?rest_route=\/wp\/v2\/pages\/148"}],"collection":[{"href":"https:\/\/xn--gestt-forstwald-2vb.de\/index.php?rest_route=\/wp\/v2\/pages"}],"about":[{"href":"https:\/\/xn--gestt-forstwald-2vb.de\/index.php?rest_route=\/wp\/v2\/types\/page"}],"author":[{"embeddable":true,"href":"https:\/\/xn--gestt-forstwald-2vb.de\/index.php?rest_route=\/wp\/v2\/users\/1"}],"replies":[{"embeddable":true,"href":"https:\/\/xn--gestt-forstwald-2vb.de\/index.php?rest_route=%2Fwp%2Fv2%2Fcomments&post=148"}],"version-history":[{"count":9,"href":"https:\/\/xn--gestt-forstwald-2vb.de\/index.php?rest_route=\/wp\/v2\/pages\/148\/revisions"}],"predecessor-version":[{"id":173,"href":"https:\/\/xn--gestt-forstwald-2vb.de\/index.php?rest_route=\/wp\/v2\/pages\/148\/revisions\/173"}],"wp:attachment":[{"href":"https:\/\/xn--gestt-forstwald-2vb.de\/index.php?rest_route=%2Fwp%2Fv2%2Fmedia&parent=148"}],"curies":[{"name":"wp","href":"https:\/\/api.w.org\/{rel}","templated":true}]}}